{"id":168,"date":"2020-10-23T15:31:34","date_gmt":"2020-10-23T15:31:34","guid":{"rendered":"https:\/\/scmc.hu\/?page_id=168"},"modified":"2022-12-06T21:17:29","modified_gmt":"2022-12-06T21:17:29","slug":"kapcsolat","status":"publish","type":"page","link":"https:\/\/scmc.hu\/en\/kapcsolat\/","title":{"rendered":"Contact Us"},"content":{"rendered":"<div data-elementor-type=\"wp-page\" data-elementor-id=\"168\" class=\"elementor elementor-168\" data-elementor-post-type=\"page\">\n\t\t\t\t\t\t<section class=\"elementor-section elementor-top-section elementor-element elementor-element-6fc97798 elementor-section-boxed elementor-section-height-default elementor-section-height-default\" data-id=\"6fc97798\" data-element_type=\"section\" data-settings=\"{&quot;background_background&quot;:&quot;classic&quot;}\">\n\t\t\t\t\t\t<div class=\"elementor-container elementor-column-gap-default\">\n\t\t\t\t\t<div class=\"elementor-column elementor-col-100 elementor-top-column elementor-element elementor-element-771b672b\" data-id=\"771b672b\" data-element_type=\"column\">\n\t\t\t<div class=\"elementor-widget-wrap elementor-element-populated\">\n\t\t\t\t\t\t\t<\/div>\n\t\t<\/div>\n\t\t\t\t\t<\/div>\n\t\t<\/section>\n\t\t\t\t<section class=\"elementor-section elementor-top-section elementor-element elementor-element-cee268f elementor-section-boxed elementor-section-height-default elementor-section-height-default\" data-id=\"cee268f\" data-element_type=\"section\">\n\t\t\t\t\t\t<div class=\"elementor-container elementor-column-gap-default\">\n\t\t\t\t\t<div class=\"elementor-column elementor-col-50 elementor-top-column elementor-element elementor-element-06788e5\" data-id=\"06788e5\" data-element_type=\"column\">\n\t\t\t<div class=\"elementor-widget-wrap elementor-element-populated\">\n\t\t\t\t\t\t<div class=\"elementor-element elementor-element-40d7068 elementor-widget elementor-widget-heading\" data-id=\"40d7068\" data-element_type=\"widget\" data-widget_type=\"heading.default\">\n\t\t\t\t<div class=\"elementor-widget-container\">\n\t\t\t\t\t<h2 class=\"elementor-heading-title elementor-size-default\">Send question, message, opinion!<\/h2>\t\t\t\t<\/div>\n\t\t\t\t<\/div>\n\t\t\t\t<div class=\"elementor-element elementor-element-5652533 elementor-align-center elementor-icon-list--layout-traditional elementor-list-item-link-full_width elementor-widget elementor-widget-icon-list\" data-id=\"5652533\" data-element_type=\"widget\" data-widget_type=\"icon-list.default\">\n\t\t\t\t<div class=\"elementor-widget-container\">\n\t\t\t\t\t\t\t<ul class=\"elementor-icon-list-items\">\n\t\t\t\t\t\t\t<li class=\"elementor-icon-list-item\">\n\t\t\t\t\t\t\t\t\t\t\t<a href=\"tel:+36204499308\">\n\n\t\t\t\t\t\t\t\t\t\t\t\t<span class=\"elementor-icon-list-icon\">\n\t\t\t\t\t\t\t<i aria-hidden=\"true\" class=\"fas fa-phone-square-alt\"><\/i>\t\t\t\t\t\t<\/span>\n\t\t\t\t\t\t\t\t\t\t<span class=\"elementor-icon-list-text\">+36(20)4499308<\/span>\n\t\t\t\t\t\t\t\t\t\t\t<\/a>\n\t\t\t\t\t\t\t\t\t<\/li>\n\t\t\t\t\t\t\t\t<li class=\"elementor-icon-list-item\">\n\t\t\t\t\t\t\t\t\t\t\t<a href=\"mailto:acserveni@scmc.hu\" target=\"_blank\">\n\n\t\t\t\t\t\t\t\t\t\t\t\t<span class=\"elementor-icon-list-icon\">\n\t\t\t\t\t\t\t<i aria-hidden=\"true\" class=\"fas fa-mail-bulk\"><\/i>\t\t\t\t\t\t<\/span>\n\t\t\t\t\t\t\t\t\t\t<span class=\"elementor-icon-list-text\">acserveni@scmc.hu<\/span>\n\t\t\t\t\t\t\t\t\t\t\t<\/a>\n\t\t\t\t\t\t\t\t\t<\/li>\n\t\t\t\t\t\t\t\t<li class=\"elementor-icon-list-item\">\n\t\t\t\t\t\t\t\t\t\t\t<a href=\"https:\/\/www.linkedin.com\/in\/acserveni\/\" target=\"_blank\">\n\n\t\t\t\t\t\t\t\t\t\t\t\t<span class=\"elementor-icon-list-icon\">\n\t\t\t\t\t\t\t<i aria-hidden=\"true\" class=\"fab fa-linkedin\"><\/i>\t\t\t\t\t\t<\/span>\n\t\t\t\t\t\t\t\t\t\t<span class=\"elementor-icon-list-text\">LinkedIn<\/span>\n\t\t\t\t\t\t\t\t\t\t\t<\/a>\n\t\t\t\t\t\t\t\t\t<\/li>\n\t\t\t\t\t\t<\/ul>\n\t\t\t\t\t\t<\/div>\n\t\t\t\t<\/div>\n\t\t\t\t\t<\/div>\n\t\t<\/div>\n\t\t\t\t<div class=\"elementor-column elementor-col-50 elementor-top-column elementor-element elementor-element-110d23b\" data-id=\"110d23b\" data-element_type=\"column\">\n\t\t\t<div class=\"elementor-widget-wrap elementor-element-populated\">\n\t\t\t\t\t\t<div class=\"elementor-element elementor-element-5e4eb3c elementor-widget elementor-widget-heading\" data-id=\"5e4eb3c\" data-element_type=\"widget\" data-widget_type=\"heading.default\">\n\t\t\t\t<div class=\"elementor-widget-container\">\n\t\t\t\t\t<h2 class=\"elementor-heading-title elementor-size-default\">Contact our leaders by checking the \u201eAbout Us\u201d page!<\/h2>\t\t\t\t<\/div>\n\t\t\t\t<\/div>\n\t\t\t\t<div class=\"elementor-element elementor-element-f94f702 elementor-align-center elementor-widget elementor-widget-button\" data-id=\"f94f702\" data-element_type=\"widget\" data-widget_type=\"button.default\">\n\t\t\t\t<div class=\"elementor-widget-container\">\n\t\t\t\t\t\t\t\t\t<div class=\"elementor-button-wrapper\">\n\t\t\t\t\t<a class=\"elementor-button elementor-button-link elementor-size-lg\" href=\"https:\/\/scmc.hu\/en\/rolunk\/\">\n\t\t\t\t\t\t<span class=\"elementor-button-content-wrapper\">\n\t\t\t\t\t\t<span class=\"elementor-button-icon\">\n\t\t\t\t<i aria-hidden=\"true\" class=\"fas fa-user-friends\"><\/i>\t\t\t<\/span>\n\t\t\t\t\t\t\t\t\t<span class=\"elementor-button-text\">Contact our leaders<\/span>\n\t\t\t\t\t<\/span>\n\t\t\t\t\t<\/a>\n\t\t\t\t<\/div>\n\t\t\t\t\t\t\t\t<\/div>\n\t\t\t\t<\/div>\n\t\t\t\t\t<\/div>\n\t\t<\/div>\n\t\t\t\t\t<\/div>\n\t\t<\/section>\n\t\t\t\t<section class=\"elementor-section elementor-top-section elementor-element elementor-element-161011f elementor-section-boxed elementor-section-height-default elementor-section-height-default\" data-id=\"161011f\" data-element_type=\"section\">\n\t\t\t\t\t\t<div class=\"elementor-container elementor-column-gap-default\">\n\t\t\t\t\t<div class=\"elementor-column elementor-col-100 elementor-top-column elementor-element elementor-element-6b4641d\" data-id=\"6b4641d\" data-element_type=\"column\">\n\t\t\t<div class=\"elementor-widget-wrap elementor-element-populated\">\n\t\t\t\t\t\t<div class=\"elementor-element elementor-element-9fa0f49 elementor-widget elementor-widget-spacer\" data-id=\"9fa0f49\" data-element_type=\"widget\" data-widget_type=\"spacer.default\">\n\t\t\t\t<div class=\"elementor-widget-container\">\n\t\t\t\t\t\t\t<div class=\"elementor-spacer\">\n\t\t\t<div class=\"elementor-spacer-inner\"><\/div>\n\t\t<\/div>\n\t\t\t\t\t\t<\/div>\n\t\t\t\t<\/div>\n\t\t\t\t\t<\/div>\n\t\t<\/div>\n\t\t\t\t\t<\/div>\n\t\t<\/section>\n\t\t\t\t<\/div>","protected":false},"excerpt":{"rendered":"<p>K\u00fcldj k\u00e9rd\u00e9st, \u00fczenetet, v\u00e9lem\u00e9nyt! +36(20)4499308 acserveni@scmc.hu LinkedIn L\u00e9pj kapcsolatba vezet\u0151inkkel a &#8222;R\u00f3lunk&#8221; oldal el\u00e9rhet\u0151s\u00e9gein kereszt\u00fcl! Vezet\u0151ink el\u00e9rhet\u0151s\u00e9ge<\/p>","protected":false},"author":1,"featured_media":0,"parent":0,"menu_order":0,"comment_status":"closed","ping_status":"closed","template":"","meta":{"footnotes":""},"class_list":["post-168","page","type-page","status-publish","hentry"],"yoast_head":"<!-- This site is optimized with the Yoast SEO plugin v26.5 - https:\/\/yoast.com\/wordpress\/plugins\/seo\/ -->\n<title>SCM Consulting | Kapcsolat felv\u00e9tel | \u00dczenet, k\u00e9rd\u00e9s k\u00fcld\u00e9se<\/title>\n<meta name=\"description\" content=\"K\u00fcldj\u00f6n \u00fczenetet, k\u00e9rd\u00e9st, v\u00e9lem\u00e9nyt arr\u00f3l, ami a Folyamatb\u00e1ny\u00e1szattal kapcsolatban \u00e9rdekli, foglalkoztatja. \u00d6r\u00f6mmel v\u00e1laszolunk!\" \/>\n<meta name=\"robots\" content=\"index, follow, max-snippet:-1, max-image-preview:large, max-video-preview:-1\" \/>\n<link rel=\"canonical\" href=\"https:\/\/scmc.hu\/en\/kapcsolat\/\" \/>\n<meta property=\"og:locale\" content=\"en_GB\" \/>\n<meta property=\"og:type\" content=\"article\" \/>\n<meta property=\"og:title\" content=\"SCM Consulting | Kapcsolat felv\u00e9tel | \u00dczenet, k\u00e9rd\u00e9s k\u00fcld\u00e9se\" \/>\n<meta property=\"og:description\" content=\"K\u00fcldj\u00f6n \u00fczenetet, k\u00e9rd\u00e9st, v\u00e9lem\u00e9nyt arr\u00f3l, ami a Folyamatb\u00e1ny\u00e1szattal kapcsolatban \u00e9rdekli, foglalkoztatja. \u00d6r\u00f6mmel v\u00e1laszolunk!\" \/>\n<meta property=\"og:url\" content=\"https:\/\/scmc.hu\/en\/kapcsolat\/\" \/>\n<meta property=\"og:site_name\" content=\"SCM Consulting\" \/>\n<meta property=\"article:modified_time\" content=\"2022-12-06T21:17:29+00:00\" \/>\n<meta name=\"twitter:card\" content=\"summary_large_image\" \/>\n<meta name=\"twitter:label1\" content=\"Estimated reading time\" \/>\n\t<meta name=\"twitter:data1\" content=\"1 minute\" \/>\n<script type=\"application\/ld+json\" class=\"yoast-schema-graph\">{\"@context\":\"https:\/\/schema.org\",\"@graph\":[{\"@type\":\"WebPage\",\"@id\":\"https:\/\/scmc.hu\/kapcsolat\/\",\"url\":\"https:\/\/scmc.hu\/kapcsolat\/\",\"name\":\"SCM Consulting | Kapcsolat felv\u00e9tel | \u00dczenet, k\u00e9rd\u00e9s k\u00fcld\u00e9se\",\"isPartOf\":{\"@id\":\"https:\/\/scmc.hu\/#website\"},\"datePublished\":\"2020-10-23T15:31:34+00:00\",\"dateModified\":\"2022-12-06T21:17:29+00:00\",\"description\":\"K\u00fcldj\u00f6n \u00fczenetet, k\u00e9rd\u00e9st, v\u00e9lem\u00e9nyt arr\u00f3l, ami a Folyamatb\u00e1ny\u00e1szattal kapcsolatban \u00e9rdekli, foglalkoztatja. \u00d6r\u00f6mmel v\u00e1laszolunk!\",\"breadcrumb\":{\"@id\":\"https:\/\/scmc.hu\/kapcsolat\/#breadcrumb\"},\"inLanguage\":\"en-GB\",\"potentialAction\":[{\"@type\":\"ReadAction\",\"target\":[\"https:\/\/scmc.hu\/kapcsolat\/\"]}]},{\"@type\":\"BreadcrumbList\",\"@id\":\"https:\/\/scmc.hu\/kapcsolat\/#breadcrumb\",\"itemListElement\":[{\"@type\":\"ListItem\",\"position\":1,\"name\":\"Kezd\u0151lap\",\"item\":\"https:\/\/scmc.hu\/\"},{\"@type\":\"ListItem\",\"position\":2,\"name\":\"Kapcsolat\"}]},{\"@type\":\"WebSite\",\"@id\":\"https:\/\/scmc.hu\/#website\",\"url\":\"https:\/\/scmc.hu\/\",\"name\":\"SCM Consulting\",\"description\":\"\u00dczleti hat\u00e9konys\u00e1g maximumon\",\"potentialAction\":[{\"@type\":\"SearchAction\",\"target\":{\"@type\":\"EntryPoint\",\"urlTemplate\":\"https:\/\/scmc.hu\/?s={search_term_string}\"},\"query-input\":{\"@type\":\"PropertyValueSpecification\",\"valueRequired\":true,\"valueName\":\"search_term_string\"}}],\"inLanguage\":\"en-GB\"}]}<\/script>\n<!-- \/ Yoast SEO plugin. -->","yoast_head_json":{"title":"SCM Consulting | Kapcsolat felv\u00e9tel | \u00dczenet, k\u00e9rd\u00e9s k\u00fcld\u00e9se","description":"K\u00fcldj\u00f6n \u00fczenetet, k\u00e9rd\u00e9st, v\u00e9lem\u00e9nyt arr\u00f3l, ami a Folyamatb\u00e1ny\u00e1szattal kapcsolatban \u00e9rdekli, foglalkoztatja. \u00d6r\u00f6mmel v\u00e1laszolunk!","robots":{"index":"index","follow":"follow","max-snippet":"max-snippet:-1","max-image-preview":"max-image-preview:large","max-video-preview":"max-video-preview:-1"},"canonical":"https:\/\/scmc.hu\/en\/kapcsolat\/","og_locale":"en_GB","og_type":"article","og_title":"SCM Consulting | Kapcsolat felv\u00e9tel | \u00dczenet, k\u00e9rd\u00e9s k\u00fcld\u00e9se","og_description":"K\u00fcldj\u00f6n \u00fczenetet, k\u00e9rd\u00e9st, v\u00e9lem\u00e9nyt arr\u00f3l, ami a Folyamatb\u00e1ny\u00e1szattal kapcsolatban \u00e9rdekli, foglalkoztatja. \u00d6r\u00f6mmel v\u00e1laszolunk!","og_url":"https:\/\/scmc.hu\/en\/kapcsolat\/","og_site_name":"SCM Consulting","article_modified_time":"2022-12-06T21:17:29+00:00","twitter_card":"summary_large_image","twitter_misc":{"Estimated reading time":"1 minute"},"schema":{"@context":"https:\/\/schema.org","@graph":[{"@type":"WebPage","@id":"https:\/\/scmc.hu\/kapcsolat\/","url":"https:\/\/scmc.hu\/kapcsolat\/","name":"SCM Consulting | Kapcsolat felv\u00e9tel | \u00dczenet, k\u00e9rd\u00e9s k\u00fcld\u00e9se","isPartOf":{"@id":"https:\/\/scmc.hu\/#website"},"datePublished":"2020-10-23T15:31:34+00:00","dateModified":"2022-12-06T21:17:29+00:00","description":"K\u00fcldj\u00f6n \u00fczenetet, k\u00e9rd\u00e9st, v\u00e9lem\u00e9nyt arr\u00f3l, ami a Folyamatb\u00e1ny\u00e1szattal kapcsolatban \u00e9rdekli, foglalkoztatja. \u00d6r\u00f6mmel v\u00e1laszolunk!","breadcrumb":{"@id":"https:\/\/scmc.hu\/kapcsolat\/#breadcrumb"},"inLanguage":"en-GB","potentialAction":[{"@type":"ReadAction","target":["https:\/\/scmc.hu\/kapcsolat\/"]}]},{"@type":"BreadcrumbList","@id":"https:\/\/scmc.hu\/kapcsolat\/#breadcrumb","itemListElement":[{"@type":"ListItem","position":1,"name":"Kezd\u0151lap","item":"https:\/\/scmc.hu\/"},{"@type":"ListItem","position":2,"name":"Kapcsolat"}]},{"@type":"WebSite","@id":"https:\/\/scmc.hu\/#website","url":"https:\/\/scmc.hu\/","name":"SCM Consulting","description":"\u00dczleti hat\u00e9konys\u00e1g maximumon","potentialAction":[{"@type":"SearchAction","target":{"@type":"EntryPoint","urlTemplate":"https:\/\/scmc.hu\/?s={search_term_string}"},"query-input":{"@type":"PropertyValueSpecification","valueRequired":true,"valueName":"search_term_string"}}],"inLanguage":"en-GB"}]}},"_links":{"self":[{"href":"https:\/\/scmc.hu\/en\/wp-json\/wp\/v2\/pages\/168","targetHints":{"allow":["GET"]}}],"collection":[{"href":"https:\/\/scmc.hu\/en\/wp-json\/wp\/v2\/pages"}],"about":[{"href":"https:\/\/scmc.hu\/en\/wp-json\/wp\/v2\/types\/page"}],"author":[{"embeddable":true,"href":"https:\/\/scmc.hu\/en\/wp-json\/wp\/v2\/users\/1"}],"replies":[{"embeddable":true,"href":"https:\/\/scmc.hu\/en\/wp-json\/wp\/v2\/comments?post=168"}],"version-history":[{"count":21,"href":"https:\/\/scmc.hu\/en\/wp-json\/wp\/v2\/pages\/168\/revisions"}],"predecessor-version":[{"id":417,"href":"https:\/\/scmc.hu\/en\/wp-json\/wp\/v2\/pages\/168\/revisions\/417"}],"wp:attachment":[{"href":"https:\/\/scmc.hu\/en\/wp-json\/wp\/v2\/media?parent=168"}],"curies":[{"name":"wp","href":"https:\/\/api.w.org\/{rel}","templated":true}]}}