{"id":48,"date":"2020-08-03T21:57:02","date_gmt":"2020-08-03T21:57:02","guid":{"rendered":"https:\/\/scmc.hu\/?page_id=48"},"modified":"2022-12-06T21:15:53","modified_gmt":"2022-12-06T21:15:53","slug":"rolunk","status":"publish","type":"page","link":"https:\/\/scmc.hu\/en\/rolunk\/","title":{"rendered":"About Us"},"content":{"rendered":"<div data-elementor-type=\"wp-page\" data-elementor-id=\"48\" class=\"elementor elementor-48\" data-elementor-post-type=\"page\">\n\t\t\t\t\t\t<section class=\"elementor-section elementor-top-section elementor-element elementor-element-afcc390 elementor-section-boxed elementor-section-height-default elementor-section-height-default\" data-id=\"afcc390\" data-element_type=\"section\" data-settings=\"{&quot;background_background&quot;:&quot;classic&quot;}\">\n\t\t\t\t\t\t<div class=\"elementor-container elementor-column-gap-default\">\n\t\t\t\t\t<div class=\"elementor-column elementor-col-100 elementor-top-column elementor-element elementor-element-1cbcbee\" data-id=\"1cbcbee\" data-element_type=\"column\">\n\t\t\t<div class=\"elementor-widget-wrap elementor-element-populated\">\n\t\t\t\t\t\t\t<\/div>\n\t\t<\/div>\n\t\t\t\t\t<\/div>\n\t\t<\/section>\n\t\t\t\t<section class=\"elementor-section elementor-top-section elementor-element elementor-element-8d1a41e elementor-section-content-middle elementor-section-boxed elementor-section-height-default elementor-section-height-default\" data-id=\"8d1a41e\" data-element_type=\"section\">\n\t\t\t\t\t\t<div class=\"elementor-container elementor-column-gap-default\">\n\t\t\t\t\t<div class=\"elementor-column elementor-col-50 elementor-top-column elementor-element elementor-element-2370343\" data-id=\"2370343\" data-element_type=\"column\">\n\t\t\t<div class=\"elementor-widget-wrap elementor-element-populated\">\n\t\t\t\t\t\t<div class=\"elementor-element elementor-element-f3c4381 elementor-widget elementor-widget-heading\" data-id=\"f3c4381\" data-element_type=\"widget\" data-widget_type=\"heading.default\">\n\t\t\t\t<div class=\"elementor-widget-container\">\n\t\t\t\t\t<h2 class=\"elementor-heading-title elementor-size-default\">Cserveni Attila<\/h2>\t\t\t\t<\/div>\n\t\t\t\t<\/div>\n\t\t\t\t<div class=\"elementor-element elementor-element-47f9331 elementor-widget elementor-widget-heading\" data-id=\"47f9331\" data-element_type=\"widget\" data-widget_type=\"heading.default\">\n\t\t\t\t<div class=\"elementor-widget-container\">\n\t\t\t\t\t<h3 class=\"elementor-heading-title elementor-size-default\">Process Technology Lead<br>Executive<\/h3>\t\t\t\t<\/div>\n\t\t\t\t<\/div>\n\t\t\t\t<div class=\"elementor-element elementor-element-70250e6 elementor-widget elementor-widget-image\" data-id=\"70250e6\" data-element_type=\"widget\" data-widget_type=\"image.default\">\n\t\t\t\t<div class=\"elementor-widget-container\">\n\t\t\t\t\t\t\t\t\t\t\t\t\t\t\t<img decoding=\"async\" src=\"https:\/\/scmc.hu\/wp-content\/uploads\/elementor\/thumbs\/Cserveni_Attila_SCMC_honlap-oxc9ihj4zxuht4oc6vyiimw92gie2ydnhvglr070hw.jpg\" title=\"Cserveni_Attila_SCMC_honlap\" alt=\"Cserveni_Attila_SCMC_honlap\" loading=\"lazy\" \/>\t\t\t\t\t\t\t\t\t\t\t\t\t\t\t<\/div>\n\t\t\t\t<\/div>\n\t\t\t\t<div class=\"elementor-element elementor-element-ce2b427 elementor-align-center elementor-icon-list--layout-traditional elementor-list-item-link-full_width elementor-widget elementor-widget-icon-list\" data-id=\"ce2b427\" data-element_type=\"widget\" data-widget_type=\"icon-list.default\">\n\t\t\t\t<div class=\"elementor-widget-container\">\n\t\t\t\t\t\t\t<ul class=\"elementor-icon-list-items\">\n\t\t\t\t\t\t\t<li class=\"elementor-icon-list-item\">\n\t\t\t\t\t\t\t\t\t\t\t<a href=\"tel:+36204499308\">\n\n\t\t\t\t\t\t\t\t\t\t\t\t<span class=\"elementor-icon-list-icon\">\n\t\t\t\t\t\t\t<i aria-hidden=\"true\" class=\"fas fa-phone-square-alt\"><\/i>\t\t\t\t\t\t<\/span>\n\t\t\t\t\t\t\t\t\t\t<span class=\"elementor-icon-list-text\">+36(20)4499308<\/span>\n\t\t\t\t\t\t\t\t\t\t\t<\/a>\n\t\t\t\t\t\t\t\t\t<\/li>\n\t\t\t\t\t\t\t\t<li class=\"elementor-icon-list-item\">\n\t\t\t\t\t\t\t\t\t\t\t<a href=\"mailto:acserveni@scmc.hu\" target=\"_blank\">\n\n\t\t\t\t\t\t\t\t\t\t\t\t<span class=\"elementor-icon-list-icon\">\n\t\t\t\t\t\t\t<i aria-hidden=\"true\" class=\"fas fa-mail-bulk\"><\/i>\t\t\t\t\t\t<\/span>\n\t\t\t\t\t\t\t\t\t\t<span class=\"elementor-icon-list-text\">acserveni@scmc.hu<\/span>\n\t\t\t\t\t\t\t\t\t\t\t<\/a>\n\t\t\t\t\t\t\t\t\t<\/li>\n\t\t\t\t\t\t\t\t<li class=\"elementor-icon-list-item\">\n\t\t\t\t\t\t\t\t\t\t\t<a href=\"https:\/\/www.linkedin.com\/in\/acserveni\/\" target=\"_blank\">\n\n\t\t\t\t\t\t\t\t\t\t\t\t<span class=\"elementor-icon-list-icon\">\n\t\t\t\t\t\t\t<i aria-hidden=\"true\" class=\"fab fa-linkedin\"><\/i>\t\t\t\t\t\t<\/span>\n\t\t\t\t\t\t\t\t\t\t<span class=\"elementor-icon-list-text\">LinkedIn<\/span>\n\t\t\t\t\t\t\t\t\t\t\t<\/a>\n\t\t\t\t\t\t\t\t\t<\/li>\n\t\t\t\t\t\t<\/ul>\n\t\t\t\t\t\t<\/div>\n\t\t\t\t<\/div>\n\t\t\t\t\t<\/div>\n\t\t<\/div>\n\t\t\t\t<div class=\"elementor-column elementor-col-50 elementor-top-column elementor-element elementor-element-67f9c59\" data-id=\"67f9c59\" data-element_type=\"column\">\n\t\t\t<div class=\"elementor-widget-wrap elementor-element-populated\">\n\t\t\t\t\t\t<div class=\"elementor-element elementor-element-dde330e elementor-widget elementor-widget-text-editor\" data-id=\"dde330e\" data-element_type=\"widget\" data-widget_type=\"text-editor.default\">\n\t\t\t\t<div class=\"elementor-widget-container\">\n\t\t\t\t\t\t\t\t\t<p>After graduating in engineering, in teaching and in MBA, I started my career as an SAP consultant in Logistics domain at PwC, an international management consultancy.<\/p>\t\t\t\t\t\t\t\t<\/div>\n\t\t\t\t<\/div>\n\t\t\t\t<div class=\"elementor-element elementor-element-3baa97e elementor-widget elementor-widget-text-editor\" data-id=\"3baa97e\" data-element_type=\"widget\" data-widget_type=\"text-editor.default\">\n\t\t\t\t<div class=\"elementor-widget-container\">\n\t\t\t\t\t\t\t\t\t<p>Over the past 23 years, as I have become more experienced in consulting, I have expanded my interests and assignments from SAP projects to business processes, other IT technologies, digital transformation and project management. I have delivered successful and innovative business IT projects to top companies of the Hungarian private sector in the role of project manager, senior consultant, consultant.<\/p>\t\t\t\t\t\t\t\t<\/div>\n\t\t\t\t<\/div>\n\t\t\t\t<div class=\"elementor-element elementor-element-4d4aff5 elementor-widget elementor-widget-text-editor\" data-id=\"4d4aff5\" data-element_type=\"widget\" data-widget_type=\"text-editor.default\">\n\t\t\t\t<div class=\"elementor-widget-container\">\n\t\t\t\t\t\t\t\t\t<p>I continuously felt a sense of lack after the delivered projects, because I was mostly concerned with what the consultant implementing the IT solution traditionally was no longer interested in: how can the customer make the most efficient use of the delivered system along their business processes? In 2019, I found Process Mining and its most successful representative, Celonis. So, I have found the missing link.<\/p>\t\t\t\t\t\t\t\t<\/div>\n\t\t\t\t<\/div>\n\t\t\t\t<div class=\"elementor-element elementor-element-97fa5dc elementor-widget elementor-widget-text-editor\" data-id=\"97fa5dc\" data-element_type=\"widget\" data-widget_type=\"text-editor.default\">\n\t\t\t\t<div class=\"elementor-widget-container\">\n\t\t\t\t\t\t\t\t\t<p>A Celonis-alap\u00fa folyamatb\u00e1ny\u00e1szat teljes spektrum\u00e1ban megszereztem a sz\u00fcks\u00e9ges k\u00e9pes\u00edt\u00e9seket (Data Engineer, Analyst, Business Value Architect, Implementation Professional, Sales Professional, Solution Professional). Bizalmon \u00e9s profizmuson alapul\u00f3 partneri kapcsolatot \u00e9p\u00edtettem \u00e9s gondozok a Celonis SE-vel. Az eltelt k\u00e9t \u00e9v alatt magyar nagyv\u00e1llalatoknak k\u00e9sz\u00edtettem el\u0151 \u00e9s sz\u00e1ll\u00edtottam le koll\u00e9g\u00e1immal folyamatb\u00e1ny\u00e1szaton alapul\u00f3 projekteket, n\u00f6velve prosperit\u00e1sukat. A sikert az \u00fczleti megb\u00edz\u00f3im \u201cH\u0171ha!\u201d \u00e9rz\u00e9s\u00e9nek m\u00e9rt\u00e9k\u00e9ben, a sz\u00e1mukra termelt \u00fczleti \u00e9rt\u00e9k nagys\u00e1g\u00e1ban \u00e9s az \u00fcgyf\u00e9loldalon kinevelt szak\u00e9rt\u0151k tud\u00e1s\u00e1ban m\u00e9rem.<\/p>\t\t\t\t\t\t\t\t<\/div>\n\t\t\t\t<\/div>\n\t\t\t\t\t<\/div>\n\t\t<\/div>\n\t\t\t\t\t<\/div>\n\t\t<\/section>\n\t\t\t\t<\/div>","protected":false},"excerpt":{"rendered":"<p>Cserveni Attila Process Technology Lead\u00fcgyvezet\u0151 +36(20)4499308 acserveni@scmc.hu LinkedIn A m\u00e9rn\u00f6ki, tan\u00e1ri \u00e9s MBA diplom\u00e1k megszerz\u00e9se ut\u00e1n SAP logisztikai tan\u00e1csad\u00f3k\u00e9nt kezdtem szakmai karrieremet a PwC nemzetk\u00f6zi vezet\u00e9si tan\u00e1csad\u00f3 c\u00e9gn\u00e9l. Az eltelt 23 \u00e9v sor\u00e1n, ahogy egyre tapasztaltabb lettem ebben a tan\u00e1csad\u00e1si szektorban, \u00e9rdekl\u0151d\u00e9semet \u00e9s megb\u00edz\u00e1saimat az SAP projektekr\u0151l az \u00fczleti folyamatok, m\u00e1s IT technol\u00f3gi\u00e1k, digit\u00e1lis transzform\u00e1ci\u00f3 [&hellip;]<\/p>","protected":false},"author":1,"featured_media":0,"parent":0,"menu_order":0,"comment_status":"closed","ping_status":"closed","template":"elementor_header_footer","meta":{"footnotes":""},"class_list":["post-48","page","type-page","status-publish","hentry"],"yoast_head":"<!-- This site is optimized with the Yoast SEO plugin v26.5 - https:\/\/yoast.com\/wordpress\/plugins\/seo\/ -->\n<title>SCM Consulting | R\u00f3lunk | Tapasztalt tan\u00e1csad\u00f3ink bemutatkoz\u00e1sa<\/title>\n<meta name=\"description\" content=\"Ismerje meg vezet\u0151 tan\u00e1csad\u00f3inkat, h\u00e1tter\u00fcket, felk\u00e9sz\u00fclts\u00e9g\u00fcket, munkatapasztalatukat, motiv\u00e1ci\u00f3jukat \u00e9s el\u00e9rhet\u0151s\u00e9geiket.\" \/>\n<meta name=\"robots\" content=\"index, follow, max-snippet:-1, max-image-preview:large, max-video-preview:-1\" \/>\n<link rel=\"canonical\" href=\"https:\/\/scmc.hu\/en\/rolunk\/\" \/>\n<meta property=\"og:locale\" content=\"en_GB\" \/>\n<meta property=\"og:type\" content=\"article\" \/>\n<meta property=\"og:title\" content=\"SCM Consulting | R\u00f3lunk | Tapasztalt tan\u00e1csad\u00f3ink bemutatkoz\u00e1sa\" \/>\n<meta property=\"og:description\" content=\"Ismerje meg vezet\u0151 tan\u00e1csad\u00f3inkat, h\u00e1tter\u00fcket, felk\u00e9sz\u00fclts\u00e9g\u00fcket, munkatapasztalatukat, motiv\u00e1ci\u00f3jukat \u00e9s el\u00e9rhet\u0151s\u00e9geiket.\" \/>\n<meta property=\"og:url\" content=\"https:\/\/scmc.hu\/en\/rolunk\/\" \/>\n<meta property=\"og:site_name\" content=\"SCM Consulting\" \/>\n<meta property=\"article:modified_time\" content=\"2022-12-06T21:15:53+00:00\" \/>\n<meta property=\"og:image\" content=\"https:\/\/scmc.hu\/wp-content\/uploads\/elementor\/thumbs\/Cserveni_Attila_SCMC_honlap-oxc9ihj4zxuht4oc6vyiimw92gie2ydnhvglr070i6.jpg\" \/>\n<meta name=\"twitter:card\" content=\"summary_large_image\" \/>\n<meta name=\"twitter:label1\" content=\"Estimated reading time\" \/>\n\t<meta name=\"twitter:data1\" content=\"2 minutes\" \/>\n<script type=\"application\/ld+json\" class=\"yoast-schema-graph\">{\"@context\":\"https:\/\/schema.org\",\"@graph\":[{\"@type\":\"WebPage\",\"@id\":\"https:\/\/scmc.hu\/rolunk\/\",\"url\":\"https:\/\/scmc.hu\/rolunk\/\",\"name\":\"SCM Consulting | R\u00f3lunk | Tapasztalt tan\u00e1csad\u00f3ink bemutatkoz\u00e1sa\",\"isPartOf\":{\"@id\":\"https:\/\/scmc.hu\/#website\"},\"primaryImageOfPage\":{\"@id\":\"https:\/\/scmc.hu\/rolunk\/#primaryimage\"},\"image\":{\"@id\":\"https:\/\/scmc.hu\/rolunk\/#primaryimage\"},\"thumbnailUrl\":\"https:\/\/scmc.hu\/wp-content\/uploads\/elementor\/thumbs\/Cserveni_Attila_SCMC_honlap-oxc9ihj4zxuht4oc6vyiimw92gie2ydnhvglr070i6.jpg\",\"datePublished\":\"2020-08-03T21:57:02+00:00\",\"dateModified\":\"2022-12-06T21:15:53+00:00\",\"description\":\"Ismerje meg vezet\u0151 tan\u00e1csad\u00f3inkat, h\u00e1tter\u00fcket, felk\u00e9sz\u00fclts\u00e9g\u00fcket, munkatapasztalatukat, motiv\u00e1ci\u00f3jukat \u00e9s el\u00e9rhet\u0151s\u00e9geiket.\",\"breadcrumb\":{\"@id\":\"https:\/\/scmc.hu\/rolunk\/#breadcrumb\"},\"inLanguage\":\"en-GB\",\"potentialAction\":[{\"@type\":\"ReadAction\",\"target\":[\"https:\/\/scmc.hu\/rolunk\/\"]}]},{\"@type\":\"ImageObject\",\"inLanguage\":\"en-GB\",\"@id\":\"https:\/\/scmc.hu\/rolunk\/#primaryimage\",\"url\":\"https:\/\/scmc.hu\/wp-content\/uploads\/elementor\/thumbs\/Cserveni_Attila_SCMC_honlap-oxc9ihj4zxuht4oc6vyiimw92gie2ydnhvglr070i6.jpg\",\"contentUrl\":\"https:\/\/scmc.hu\/wp-content\/uploads\/elementor\/thumbs\/Cserveni_Attila_SCMC_honlap-oxc9ihj4zxuht4oc6vyiimw92gie2ydnhvglr070i6.jpg\"},{\"@type\":\"BreadcrumbList\",\"@id\":\"https:\/\/scmc.hu\/rolunk\/#breadcrumb\",\"itemListElement\":[{\"@type\":\"ListItem\",\"position\":1,\"name\":\"Kezd\u0151lap\",\"item\":\"https:\/\/scmc.hu\/\"},{\"@type\":\"ListItem\",\"position\":2,\"name\":\"R\u00f3lunk\"}]},{\"@type\":\"WebSite\",\"@id\":\"https:\/\/scmc.hu\/#website\",\"url\":\"https:\/\/scmc.hu\/\",\"name\":\"SCM Consulting\",\"description\":\"\u00dczleti hat\u00e9konys\u00e1g maximumon\",\"potentialAction\":[{\"@type\":\"SearchAction\",\"target\":{\"@type\":\"EntryPoint\",\"urlTemplate\":\"https:\/\/scmc.hu\/?s={search_term_string}\"},\"query-input\":{\"@type\":\"PropertyValueSpecification\",\"valueRequired\":true,\"valueName\":\"search_term_string\"}}],\"inLanguage\":\"en-GB\"}]}<\/script>\n<!-- \/ Yoast SEO plugin. -->","yoast_head_json":{"title":"SCM Consulting | R\u00f3lunk | Tapasztalt tan\u00e1csad\u00f3ink bemutatkoz\u00e1sa","description":"Ismerje meg vezet\u0151 tan\u00e1csad\u00f3inkat, h\u00e1tter\u00fcket, felk\u00e9sz\u00fclts\u00e9g\u00fcket, munkatapasztalatukat, motiv\u00e1ci\u00f3jukat \u00e9s el\u00e9rhet\u0151s\u00e9geiket.","robots":{"index":"index","follow":"follow","max-snippet":"max-snippet:-1","max-image-preview":"max-image-preview:large","max-video-preview":"max-video-preview:-1"},"canonical":"https:\/\/scmc.hu\/en\/rolunk\/","og_locale":"en_GB","og_type":"article","og_title":"SCM Consulting | R\u00f3lunk | Tapasztalt tan\u00e1csad\u00f3ink bemutatkoz\u00e1sa","og_description":"Ismerje meg vezet\u0151 tan\u00e1csad\u00f3inkat, h\u00e1tter\u00fcket, felk\u00e9sz\u00fclts\u00e9g\u00fcket, munkatapasztalatukat, motiv\u00e1ci\u00f3jukat \u00e9s el\u00e9rhet\u0151s\u00e9geiket.","og_url":"https:\/\/scmc.hu\/en\/rolunk\/","og_site_name":"SCM Consulting","article_modified_time":"2022-12-06T21:15:53+00:00","og_image":[{"url":"https:\/\/scmc.hu\/wp-content\/uploads\/elementor\/thumbs\/Cserveni_Attila_SCMC_honlap-oxc9ihj4zxuht4oc6vyiimw92gie2ydnhvglr070i6.jpg","type":"","width":"","height":""}],"twitter_card":"summary_large_image","twitter_misc":{"Estimated reading time":"2 minutes"},"schema":{"@context":"https:\/\/schema.org","@graph":[{"@type":"WebPage","@id":"https:\/\/scmc.hu\/rolunk\/","url":"https:\/\/scmc.hu\/rolunk\/","name":"SCM Consulting | R\u00f3lunk | Tapasztalt tan\u00e1csad\u00f3ink bemutatkoz\u00e1sa","isPartOf":{"@id":"https:\/\/scmc.hu\/#website"},"primaryImageOfPage":{"@id":"https:\/\/scmc.hu\/rolunk\/#primaryimage"},"image":{"@id":"https:\/\/scmc.hu\/rolunk\/#primaryimage"},"thumbnailUrl":"https:\/\/scmc.hu\/wp-content\/uploads\/elementor\/thumbs\/Cserveni_Attila_SCMC_honlap-oxc9ihj4zxuht4oc6vyiimw92gie2ydnhvglr070i6.jpg","datePublished":"2020-08-03T21:57:02+00:00","dateModified":"2022-12-06T21:15:53+00:00","description":"Ismerje meg vezet\u0151 tan\u00e1csad\u00f3inkat, h\u00e1tter\u00fcket, felk\u00e9sz\u00fclts\u00e9g\u00fcket, munkatapasztalatukat, motiv\u00e1ci\u00f3jukat \u00e9s el\u00e9rhet\u0151s\u00e9geiket.","breadcrumb":{"@id":"https:\/\/scmc.hu\/rolunk\/#breadcrumb"},"inLanguage":"en-GB","potentialAction":[{"@type":"ReadAction","target":["https:\/\/scmc.hu\/rolunk\/"]}]},{"@type":"ImageObject","inLanguage":"en-GB","@id":"https:\/\/scmc.hu\/rolunk\/#primaryimage","url":"https:\/\/scmc.hu\/wp-content\/uploads\/elementor\/thumbs\/Cserveni_Attila_SCMC_honlap-oxc9ihj4zxuht4oc6vyiimw92gie2ydnhvglr070i6.jpg","contentUrl":"https:\/\/scmc.hu\/wp-content\/uploads\/elementor\/thumbs\/Cserveni_Attila_SCMC_honlap-oxc9ihj4zxuht4oc6vyiimw92gie2ydnhvglr070i6.jpg"},{"@type":"BreadcrumbList","@id":"https:\/\/scmc.hu\/rolunk\/#breadcrumb","itemListElement":[{"@type":"ListItem","position":1,"name":"Kezd\u0151lap","item":"https:\/\/scmc.hu\/"},{"@type":"ListItem","position":2,"name":"R\u00f3lunk"}]},{"@type":"WebSite","@id":"https:\/\/scmc.hu\/#website","url":"https:\/\/scmc.hu\/","name":"SCM Consulting","description":"\u00dczleti hat\u00e9konys\u00e1g maximumon","potentialAction":[{"@type":"SearchAction","target":{"@type":"EntryPoint","urlTemplate":"https:\/\/scmc.hu\/?s={search_term_string}"},"query-input":{"@type":"PropertyValueSpecification","valueRequired":true,"valueName":"search_term_string"}}],"inLanguage":"en-GB"}]}},"_links":{"self":[{"href":"https:\/\/scmc.hu\/en\/wp-json\/wp\/v2\/pages\/48","targetHints":{"allow":["GET"]}}],"collection":[{"href":"https:\/\/scmc.hu\/en\/wp-json\/wp\/v2\/pages"}],"about":[{"href":"https:\/\/scmc.hu\/en\/wp-json\/wp\/v2\/types\/page"}],"author":[{"embeddable":true,"href":"https:\/\/scmc.hu\/en\/wp-json\/wp\/v2\/users\/1"}],"replies":[{"embeddable":true,"href":"https:\/\/scmc.hu\/en\/wp-json\/wp\/v2\/comments?post=48"}],"version-history":[{"count":18,"href":"https:\/\/scmc.hu\/en\/wp-json\/wp\/v2\/pages\/48\/revisions"}],"predecessor-version":[{"id":411,"href":"https:\/\/scmc.hu\/en\/wp-json\/wp\/v2\/pages\/48\/revisions\/411"}],"wp:attachment":[{"href":"https:\/\/scmc.hu\/en\/wp-json\/wp\/v2\/media?parent=48"}],"curies":[{"name":"wp","href":"https:\/\/api.w.org\/{rel}","templated":true}]}}